{"id":3296,"date":"2026-02-04T18:58:05","date_gmt":"2026-02-04T18:58:05","guid":{"rendered":"https:\/\/leidsla.fo\/?page_id=3296"},"modified":"2026-02-04T18:59:23","modified_gmt":"2026-02-04T18:59:23","slug":"hvat-er-leidsla","status":"publish","type":"page","link":"https:\/\/leidsla.fo\/en_gb\/hvat-er-leidsla\/","title":{"rendered":"Hvat er lei\u00f0sla?"},"content":{"rendered":"<div data-elementor-type=\"wp-page\" data-elementor-id=\"3296\" class=\"elementor elementor-3296\" data-elementor-post-type=\"page\">\n\t\t\t\t<div class=\"elementor-element elementor-element-1d8972f2 e-flex e-con-boxed e-con e-parent\" data-id=\"1d8972f2\" data-element_type=\"container\" data-e-type=\"container\">\n\t\t\t\t\t<div class=\"e-con-inner\">\n\t\t<div class=\"elementor-element elementor-element-5ba36c60 e-con-full e-flex e-con e-child\" data-id=\"5ba36c60\" data-element_type=\"container\" data-e-type=\"container\">\n\t\t\t\t<div class=\"elementor-element elementor-element-36635993 elementor-widget elementor-widget-heading\" data-id=\"36635993\" data-element_type=\"widget\" data-e-type=\"widget\" data-widget_type=\"heading.default\">\n\t\t\t\t<div class=\"elementor-widget-container\">\n\t\t\t\t\t<h3 class=\"elementor-heading-title elementor-size-default\">Hvat er Lei\u00f0sla?<\/h3>\t\t\t\t<\/div>\n\t\t\t\t<\/div>\n\t\t\t\t<div class=\"elementor-element elementor-element-6fcd8549 elementor-widget elementor-widget-text-editor\" data-id=\"6fcd8549\" data-element_type=\"widget\" data-e-type=\"widget\" data-widget_type=\"text-editor.default\">\n\t\t\t\t<div class=\"elementor-widget-container\">\n\t\t\t\t\t\t\t\t\t<p>Ta\u00f0 eru n\u00f3gvar ymiskar all\u00fdsingar av hugtakinum lei\u00f0sla.<\/p><p>D\u00f8mi um all\u00fdsingar:<\/p><p>\u201cLei\u00f0sla er tilgongdin at \u00e1virka onnur at skilja og taka undir vi\u00f0 t\u00ed, sum eigur at ver\u00f0a gj\u00f8rt og hvussu ta\u00f0 skal gerast, og tilgongdin at fasilitera einstaklinga og felags royndir at r\u00f8kka felags m\u00e1lum (Yukl and Gardner \u00ed\u00a0<em>Leadership in Organizations<\/em>\u00a0(2020)\u201d<\/p><p>\u201cLei\u00f0sla er f\u00f8rleikin at gera visi\u00f3n til veruleika\u201d (Warren Bennis)<\/p><p>\u201cLei\u00f0sla er at v\u00edsa vegin og at hj\u00e1lpa ella f\u00e1a onnur til at ganga hann. Hetta ber \u00ed s\u00e6r at v\u00edsa \u00e1 eina eina ynskta framt\u00ed\u00f0 (visi\u00f3n), virka fyri grei\u00f0um endam\u00e1li ella mission, stu\u00f0landi vir\u00f0um og intelligentum strategium og at geva teimum \u00edblanda\u00f0u f\u00f8rleikar (empowering)\u201d (Roger Gill \u00ed b\u00f3kini\u00a0<em>Theory and Practice of Leadership<\/em>\u00a0(2011)<\/p><p>\u201cLei\u00f0sla er \u00e1virkan \u2013 einki meira, einki minni\u201d (John C. Maxwell)<\/p><p>Eg haldi, at lei\u00f0sla kann l\u00fdsast naka\u00f0 solei\u00f0is:<br \/>Lei\u00f0sla er at seta k\u00f3s og m\u00e1l, at \u00e1virka og lei\u00f0a menniskju og organisati\u00f3nir fram \u00edm\u00f3ti felags m\u00e1li, at f\u00f8ra menniskju ella b\u00f3lkar fr\u00e1 A til B; fr\u00e1 verandi st\u00f8\u00f0u til eina betri framt\u00ed\u00f0arst\u00f8\u00f0u.<\/p>\t\t\t\t\t\t\t\t<\/div>\n\t\t\t\t<\/div>\n\t\t\t\t<\/div>\n\t\t\t\t\t<\/div>\n\t\t\t\t<\/div>\n\t\t<div class=\"elementor-element elementor-element-63ee9f68 e-con-full e-flex e-con e-parent\" data-id=\"63ee9f68\" data-element_type=\"container\" data-e-type=\"container\" data-settings=\"{&quot;background_background&quot;:&quot;classic&quot;}\">\n\t\t\t\t<div class=\"elementor-element elementor-element-2250a29d elementor-widget elementor-widget-heading\" data-id=\"2250a29d\" data-element_type=\"widget\" data-e-type=\"widget\" data-widget_type=\"heading.default\">\n\t\t\t\t<div class=\"elementor-widget-container\">\n\t\t\t\t\t<h1 class=\"elementor-heading-title elementor-size-default\">Hevur t\u00fa t\u00f8rv \u00e1 Hj\u00e1lp?<\/h1>\t\t\t\t<\/div>\n\t\t\t\t<\/div>\n\t\t\t\t<div class=\"elementor-element elementor-element-3affcec elementor-widget__width-initial elementor-widget-mobile__width-inherit elementor-widget elementor-widget-text-editor\" data-id=\"3affcec\" data-element_type=\"widget\" data-e-type=\"widget\" data-widget_type=\"text-editor.default\">\n\t\t\t\t<div class=\"elementor-widget-container\">\n\t\t\t\t\t\t\t\t\t<p>Er hetta okkurt i\u00f0 t\u00fa hevur \u00e1huga \u00ed? Vit r\u00e1\u00f0geva fegin.<br \/>Set teg \u00ed samband vi\u00f0 okkum og saman kunnu vit finna bestu loysnina<\/p>\t\t\t\t\t\t\t\t<\/div>\n\t\t\t\t<\/div>\n\t\t\t\t<div class=\"elementor-element elementor-element-21ee6f40 elementor-align-center elementor-widget elementor-widget-button\" data-id=\"21ee6f40\" data-element_type=\"widget\" data-e-type=\"widget\" data-widget_type=\"button.default\">\n\t\t\t\t<div class=\"elementor-widget-container\">\n\t\t\t\t\t\t\t\t\t<div class=\"elementor-button-wrapper\">\n\t\t\t\t\t<a class=\"elementor-button elementor-button-link elementor-size-sm\" href=\"https:\/\/rrc.fo\/samband\/\">\n\t\t\t\t\t\t<span class=\"elementor-button-content-wrapper\">\n\t\t\t\t\t\t\t\t\t<span class=\"elementor-button-text\">Samband<\/span>\n\t\t\t\t\t<\/span>\n\t\t\t\t\t<\/a>\n\t\t\t\t<\/div>\n\t\t\t\t\t\t\t\t<\/div>\n\t\t\t\t<\/div>\n\t\t\t\t<\/div>\n\t\t\t\t<\/div>","protected":false},"excerpt":{"rendered":"<p>Hvat er Lei\u00f0sla? Ta\u00f0 eru n\u00f3gvar ymiskar all\u00fdsingar av hugtakinum lei\u00f0sla. D\u00f8mi um all\u00fdsingar: \u201cLei\u00f0sla er tilgongdin at \u00e1virka onnur at skilja og taka undir vi\u00f0 t\u00ed, sum eigur at ver\u00f0a gj\u00f8rt og hvussu ta\u00f0 skal gerast, og tilgongdin at fasilitera einstaklinga og felags royndir at r\u00f8kka felags m\u00e1lum (Yukl and Gardner \u00ed\u00a0Leadership in Organizations\u00a0(2020)\u201d [&hellip;]<\/p>\n","protected":false},"author":1,"featured_media":0,"parent":0,"menu_order":0,"comment_status":"closed","ping_status":"closed","template":"elementor_header_footer","meta":{"site-sidebar-layout":"no-sidebar","site-content-layout":"page-builder","ast-site-content-layout":"full-width-container","site-content-style":"default","site-sidebar-style":"default","ast-global-header-display":"","ast-banner-title-visibility":"","ast-main-header-display":"","ast-hfb-above-header-display":"","ast-hfb-below-header-display":"","ast-hfb-mobile-header-display":"","site-post-title":"disabled","ast-breadcrumbs-content":"","ast-featured-img":"disabled","footer-sml-layout":"","ast-disable-related-posts":"","theme-transparent-header-meta":"","adv-header-id-meta":"","stick-header-meta":"","header-above-stick-meta":"","header-main-stick-meta":"","header-below-stick-meta":"","astra-migrate-meta-layouts":"default","ast-page-background-enabled":"default","ast-page-background-meta":{"desktop":{"background-color":"","background-image":"","background-repeat":"repeat","background-position":"center center","background-size":"auto","background-attachment":"scroll","background-type":"","background-media":"","overlay-type":"","overlay-color":"","overlay-opacity":"","overlay-gradient":""},"tablet":{"background-color":"","background-image":"","background-repeat":"repeat","background-position":"center center","background-size":"auto","background-attachment":"scroll","background-type":"","background-media":"","overlay-type":"","overlay-color":"","overlay-opacity":"","overlay-gradient":""},"mobile":{"background-color":"","background-image":"","background-repeat":"repeat","background-position":"center center","background-size":"auto","background-attachment":"scroll","background-type":"","background-media":"","overlay-type":"","overlay-color":"","overlay-opacity":"","overlay-gradient":""}},"ast-content-background-meta":{"desktop":{"background-color":"var(--ast-global-color-5)","background-image":"","background-repeat":"repeat","background-position":"center center","background-size":"auto","background-attachment":"scroll","background-type":"","background-media":"","overlay-type":"","overlay-color":"","overlay-opacity":"","overlay-gradient":""},"tablet":{"background-color":"var(--ast-global-color-5)","background-image":"","background-repeat":"repeat","background-position":"center center","background-size":"auto","background-attachment":"scroll","background-type":"","background-media":"","overlay-type":"","overlay-color":"","overlay-opacity":"","overlay-gradient":""},"mobile":{"background-color":"var(--ast-global-color-5)","background-image":"","background-repeat":"repeat","background-position":"center center","background-size":"auto","background-attachment":"scroll","background-type":"","background-media":"","overlay-type":"","overlay-color":"","overlay-opacity":"","overlay-gradient":""}},"footnotes":""},"class_list":["post-3296","page","type-page","status-publish","hentry"],"yoast_head":"<!-- This site is optimized with the Yoast SEO plugin v27.4 - https:\/\/yoast.com\/product\/yoast-seo-wordpress\/ -->\n<title>Hvat er lei\u00f0sla? - Lei\u00f0sla<\/title>\n<meta name=\"robots\" content=\"index, follow, max-snippet:-1, max-image-preview:large, max-video-preview:-1\" \/>\n<link rel=\"canonical\" href=\"https:\/\/leidsla.fo\/en_gb\/hvat-er-leidsla\/\" \/>\n<meta property=\"og:locale\" content=\"en_GB\" \/>\n<meta property=\"og:type\" content=\"article\" \/>\n<meta property=\"og:title\" content=\"Hvat er lei\u00f0sla? - Lei\u00f0sla\" \/>\n<meta property=\"og:description\" content=\"Hvat er Lei\u00f0sla? Ta\u00f0 eru n\u00f3gvar ymiskar all\u00fdsingar av hugtakinum lei\u00f0sla. D\u00f8mi um all\u00fdsingar: \u201cLei\u00f0sla er tilgongdin at \u00e1virka onnur at skilja og taka undir vi\u00f0 t\u00ed, sum eigur at ver\u00f0a gj\u00f8rt og hvussu ta\u00f0 skal gerast, og tilgongdin at fasilitera einstaklinga og felags royndir at r\u00f8kka felags m\u00e1lum (Yukl and Gardner \u00ed\u00a0Leadership in Organizations\u00a0(2020)\u201d [&hellip;]\" \/>\n<meta property=\"og:url\" content=\"https:\/\/leidsla.fo\/en_gb\/hvat-er-leidsla\/\" \/>\n<meta property=\"og:site_name\" content=\"Lei\u00f0sla\" \/>\n<meta property=\"article:modified_time\" content=\"2026-02-04T18:59:23+00:00\" \/>\n<meta name=\"twitter:card\" content=\"summary_large_image\" \/>\n<meta name=\"twitter:label1\" content=\"Estimated reading time\" \/>\n\t<meta name=\"twitter:data1\" content=\"1 minute\" \/>\n<script type=\"application\/ld+json\" class=\"yoast-schema-graph\">{\"@context\":\"https:\\\/\\\/schema.org\",\"@graph\":[{\"@type\":\"WebPage\",\"@id\":\"https:\\\/\\\/leidsla.fo\\\/hvat-er-leidsla\\\/\",\"url\":\"https:\\\/\\\/leidsla.fo\\\/hvat-er-leidsla\\\/\",\"name\":\"Hvat er lei\u00f0sla? - Lei\u00f0sla\",\"isPartOf\":{\"@id\":\"https:\\\/\\\/leidsla.fo\\\/#website\"},\"datePublished\":\"2026-02-04T18:58:05+00:00\",\"dateModified\":\"2026-02-04T18:59:23+00:00\",\"breadcrumb\":{\"@id\":\"https:\\\/\\\/leidsla.fo\\\/hvat-er-leidsla\\\/#breadcrumb\"},\"inLanguage\":\"en-GB\",\"potentialAction\":[{\"@type\":\"ReadAction\",\"target\":[\"https:\\\/\\\/leidsla.fo\\\/hvat-er-leidsla\\\/\"]}]},{\"@type\":\"BreadcrumbList\",\"@id\":\"https:\\\/\\\/leidsla.fo\\\/hvat-er-leidsla\\\/#breadcrumb\",\"itemListElement\":[{\"@type\":\"ListItem\",\"position\":1,\"name\":\"Home\",\"item\":\"https:\\\/\\\/leidsla.fo\\\/\"},{\"@type\":\"ListItem\",\"position\":2,\"name\":\"Hvat er lei\u00f0sla?\"}]},{\"@type\":\"WebSite\",\"@id\":\"https:\\\/\\\/leidsla.fo\\\/#website\",\"url\":\"https:\\\/\\\/leidsla.fo\\\/\",\"name\":\"Lei\u00f0sla\",\"description\":\"\",\"potentialAction\":[{\"@type\":\"SearchAction\",\"target\":{\"@type\":\"EntryPoint\",\"urlTemplate\":\"https:\\\/\\\/leidsla.fo\\\/?s={search_term_string}\"},\"query-input\":{\"@type\":\"PropertyValueSpecification\",\"valueRequired\":true,\"valueName\":\"search_term_string\"}}],\"inLanguage\":\"en-GB\"}]}<\/script>\n<!-- \/ Yoast SEO plugin. -->","yoast_head_json":{"title":"Hvat er lei\u00f0sla? - Lei\u00f0sla","robots":{"index":"index","follow":"follow","max-snippet":"max-snippet:-1","max-image-preview":"max-image-preview:large","max-video-preview":"max-video-preview:-1"},"canonical":"https:\/\/leidsla.fo\/en_gb\/hvat-er-leidsla\/","og_locale":"en_GB","og_type":"article","og_title":"Hvat er lei\u00f0sla? - Lei\u00f0sla","og_description":"Hvat er Lei\u00f0sla? Ta\u00f0 eru n\u00f3gvar ymiskar all\u00fdsingar av hugtakinum lei\u00f0sla. D\u00f8mi um all\u00fdsingar: \u201cLei\u00f0sla er tilgongdin at \u00e1virka onnur at skilja og taka undir vi\u00f0 t\u00ed, sum eigur at ver\u00f0a gj\u00f8rt og hvussu ta\u00f0 skal gerast, og tilgongdin at fasilitera einstaklinga og felags royndir at r\u00f8kka felags m\u00e1lum (Yukl and Gardner \u00ed\u00a0Leadership in Organizations\u00a0(2020)\u201d [&hellip;]","og_url":"https:\/\/leidsla.fo\/en_gb\/hvat-er-leidsla\/","og_site_name":"Lei\u00f0sla","article_modified_time":"2026-02-04T18:59:23+00:00","twitter_card":"summary_large_image","twitter_misc":{"Estimated reading time":"1 minute"},"schema":{"@context":"https:\/\/schema.org","@graph":[{"@type":"WebPage","@id":"https:\/\/leidsla.fo\/hvat-er-leidsla\/","url":"https:\/\/leidsla.fo\/hvat-er-leidsla\/","name":"Hvat er lei\u00f0sla? - Lei\u00f0sla","isPartOf":{"@id":"https:\/\/leidsla.fo\/#website"},"datePublished":"2026-02-04T18:58:05+00:00","dateModified":"2026-02-04T18:59:23+00:00","breadcrumb":{"@id":"https:\/\/leidsla.fo\/hvat-er-leidsla\/#breadcrumb"},"inLanguage":"en-GB","potentialAction":[{"@type":"ReadAction","target":["https:\/\/leidsla.fo\/hvat-er-leidsla\/"]}]},{"@type":"BreadcrumbList","@id":"https:\/\/leidsla.fo\/hvat-er-leidsla\/#breadcrumb","itemListElement":[{"@type":"ListItem","position":1,"name":"Home","item":"https:\/\/leidsla.fo\/"},{"@type":"ListItem","position":2,"name":"Hvat er lei\u00f0sla?"}]},{"@type":"WebSite","@id":"https:\/\/leidsla.fo\/#website","url":"https:\/\/leidsla.fo\/","name":"Lei\u00f0sla","description":"","potentialAction":[{"@type":"SearchAction","target":{"@type":"EntryPoint","urlTemplate":"https:\/\/leidsla.fo\/?s={search_term_string}"},"query-input":{"@type":"PropertyValueSpecification","valueRequired":true,"valueName":"search_term_string"}}],"inLanguage":"en-GB"}]}},"_links":{"self":[{"href":"https:\/\/leidsla.fo\/en_gb\/wp-json\/wp\/v2\/pages\/3296","targetHints":{"allow":["GET"]}}],"collection":[{"href":"https:\/\/leidsla.fo\/en_gb\/wp-json\/wp\/v2\/pages"}],"about":[{"href":"https:\/\/leidsla.fo\/en_gb\/wp-json\/wp\/v2\/types\/page"}],"author":[{"embeddable":true,"href":"https:\/\/leidsla.fo\/en_gb\/wp-json\/wp\/v2\/users\/1"}],"replies":[{"embeddable":true,"href":"https:\/\/leidsla.fo\/en_gb\/wp-json\/wp\/v2\/comments?post=3296"}],"version-history":[{"count":7,"href":"https:\/\/leidsla.fo\/en_gb\/wp-json\/wp\/v2\/pages\/3296\/revisions"}],"predecessor-version":[{"id":3307,"href":"https:\/\/leidsla.fo\/en_gb\/wp-json\/wp\/v2\/pages\/3296\/revisions\/3307"}],"wp:attachment":[{"href":"https:\/\/leidsla.fo\/en_gb\/wp-json\/wp\/v2\/media?parent=3296"}],"curies":[{"name":"wp","href":"https:\/\/api.w.org\/{rel}","templated":true}]}}